{"id":1343,"date":"2022-10-26T18:39:58","date_gmt":"2022-10-26T22:39:58","guid":{"rendered":"https:\/\/borealmidwifery.ca\/services\/"},"modified":"2022-12-08T15:19:58","modified_gmt":"2022-12-08T20:19:58","slug":"services","status":"publish","type":"page","link":"https:\/\/borealmidwifery.ca\/fr\/services\/","title":{"rendered":"Services"},"content":{"rendered":"\t\t<div data-elementor-type=\"wp-page\" data-elementor-id=\"1343\" class=\"elementor elementor-1343 elementor-14\" data-elementor-post-type=\"page\">\n\t\t\t\t\t\t<section class=\"elementor-section elementor-top-section elementor-element elementor-element-147571c8 elementor-section-content-middle elementor-reverse-mobile elementor-reverse-tablet elementor-section-boxed elementor-section-height-default elementor-section-height-default\" data-id=\"147571c8\" data-element_type=\"section\" data-e-type=\"section\" data-settings=\"{&quot;background_background&quot;:&quot;slideshow&quot;,&quot;background_slideshow_gallery&quot;:[{&quot;id&quot;:1015,&quot;url&quot;:&quot;https:\\\/\\\/borealmidwifery.ca\\\/wp-content\\\/uploads\\\/2022\\\/11\\\/38C872B11E654A5E942010AE6D48FCAB.jpg&quot;}],&quot;background_slideshow_loop&quot;:&quot;yes&quot;,&quot;background_slideshow_slide_duration&quot;:5000,&quot;background_slideshow_slide_transition&quot;:&quot;fade&quot;,&quot;background_slideshow_transition_duration&quot;:500}\">\n\t\t\t\t\t\t\t<div class=\"elementor-background-overlay\"><\/div>\n\t\t\t\t\t\t\t<div class=\"elementor-container elementor-column-gap-no\">\n\t\t\t\t\t<div class=\"elementor-column elementor-col-100 elementor-top-column elementor-element elementor-element-636697d8\" data-id=\"636697d8\" data-element_type=\"column\" data-e-type=\"column\" data-settings=\"{&quot;background_background&quot;:&quot;classic&quot;}\">\n\t\t\t<div class=\"elementor-widget-wrap elementor-element-populated\">\n\t\t\t\t\t\t<div class=\"elementor-element elementor-element-6fb330b1 elementor-invisible elementor-widget elementor-widget-heading\" data-id=\"6fb330b1\" data-element_type=\"widget\" data-e-type=\"widget\" data-settings=\"{&quot;_animation&quot;:&quot;fadeInUp&quot;,&quot;_animation_delay&quot;:50}\" data-widget_type=\"heading.default\">\n\t\t\t\t<div class=\"elementor-widget-container\">\n\t\t\t\t\t<h4 class=\"elementor-heading-title elementor-size-default\">d\u00e9couvrez ce que nous offrons<\/h4>\t\t\t\t<\/div>\n\t\t\t\t<\/div>\n\t\t\t\t<div class=\"elementor-element elementor-element-17fa8b13 elementor-invisible elementor-widget elementor-widget-heading\" data-id=\"17fa8b13\" data-element_type=\"widget\" data-e-type=\"widget\" data-settings=\"{&quot;_animation&quot;:&quot;fadeInUp&quot;,&quot;_animation_delay&quot;:100}\" data-widget_type=\"heading.default\">\n\t\t\t\t<div class=\"elementor-widget-container\">\n\t\t\t\t\t<h1 class=\"elementor-heading-title elementor-size-default\">Nos services<\/h1>\t\t\t\t<\/div>\n\t\t\t\t<\/div>\n\t\t\t\t<div class=\"elementor-element elementor-element-2e08aaac elementor-widget-divider--view-line elementor-invisible elementor-widget elementor-widget-divider\" data-id=\"2e08aaac\" data-element_type=\"widget\" data-e-type=\"widget\" data-settings=\"{&quot;_animation&quot;:&quot;fadeIn&quot;,&quot;_animation_delay&quot;:150}\" data-widget_type=\"divider.default\">\n\t\t\t\t<div class=\"elementor-widget-container\">\n\t\t\t\t\t\t\t<div class=\"elementor-divider\">\n\t\t\t<span class=\"elementor-divider-separator\">\n\t\t\t\t\t\t<\/span>\n\t\t<\/div>\n\t\t\t\t\t\t<\/div>\n\t\t\t\t<\/div>\n\t\t\t\t<div class=\"elementor-element elementor-element-43c07281 elementor-invisible elementor-widget elementor-widget-text-editor\" data-id=\"43c07281\" data-element_type=\"widget\" data-e-type=\"widget\" data-settings=\"{&quot;_animation&quot;:&quot;fadeInUp&quot;,&quot;_animation_delay&quot;:200}\" data-widget_type=\"text-editor.default\">\n\t\t\t\t<div class=\"elementor-widget-container\">\n\t\t\t\t\t\t\t\t\t<p><span class=\"notion-enable-hover\" data-token-index=\"0\" data-reactroot=\"\">Nous pouvons offrir des services en fran\u00e7ais.<\/span><\/p>\n\t\t\t\t\t\t\t\t<\/div>\n\t\t\t\t<\/div>\n\t\t\t\t\t<\/div>\n\t\t<\/div>\n\t\t\t\t\t<\/div>\n\t\t<\/section>\n\t\t\t\t<section class=\"elementor-section elementor-top-section elementor-element elementor-element-9e040b7 elementor-section-content-top elementor-section-boxed elementor-section-height-default elementor-section-height-default\" data-id=\"9e040b7\" data-element_type=\"section\" data-e-type=\"section\" data-settings=\"{&quot;background_background&quot;:&quot;classic&quot;,&quot;shape_divider_bottom&quot;:&quot;triangle-asymmetrical&quot;}\">\n\t\t\t\t\t<div class=\"elementor-shape elementor-shape-bottom\" aria-hidden=\"true\" data-negative=\"false\">\n\t\t\t<svg xmlns=\"http:\/\/www.w3.org\/2000\/svg\" viewBox=\"0 0 1000 100\" preserveAspectRatio=\"none\">\n\t<path class=\"elementor-shape-fill\" d=\"M738,99l262-93V0H0v5.6L738,99z\"\/>\n<\/svg>\t\t<\/div>\n\t\t\t\t\t<div class=\"elementor-container elementor-column-gap-no\">\n\t\t\t\t\t<div class=\"elementor-column elementor-col-100 elementor-top-column elementor-element elementor-element-055761d\" data-id=\"055761d\" data-element_type=\"column\" data-e-type=\"column\" data-settings=\"{&quot;background_background&quot;:&quot;classic&quot;}\">\n\t\t\t<div class=\"elementor-widget-wrap elementor-element-populated\">\n\t\t\t\t\t\t<div class=\"elementor-element elementor-element-bee8dc4 elementor-invisible elementor-widget elementor-widget-heading\" data-id=\"bee8dc4\" data-element_type=\"widget\" data-e-type=\"widget\" data-settings=\"{&quot;_animation&quot;:&quot;fadeInUp&quot;,&quot;_animation_delay&quot;:50}\" data-widget_type=\"heading.default\">\n\t\t\t\t<div class=\"elementor-widget-container\">\n\t\t\t\t\t<h2 class=\"elementor-heading-title elementor-size-default\">Qu'y a-t-il de plus beau que d'apporter une nouvelle vie au monde ?<\/h2>\t\t\t\t<\/div>\n\t\t\t\t<\/div>\n\t\t\t\t\t<\/div>\n\t\t<\/div>\n\t\t\t\t\t<\/div>\n\t\t<\/section>\n\t\t\t\t<section class=\"elementor-section elementor-top-section elementor-element elementor-element-b094b2e elementor-section-full_width elementor-section-height-min-height elementor-section-items-stretch elementor-section-content-middle elementor-section-height-default\" data-id=\"b094b2e\" data-element_type=\"section\" data-e-type=\"section\" data-settings=\"{&quot;background_background&quot;:&quot;classic&quot;}\">\n\t\t\t\t\t\t<div class=\"elementor-container elementor-column-gap-no\">\n\t\t\t\t\t<div class=\"elementor-column elementor-col-50 elementor-top-column elementor-element elementor-element-b59a840\" data-id=\"b59a840\" data-element_type=\"column\" data-e-type=\"column\" data-settings=\"{&quot;background_background&quot;:&quot;classic&quot;}\">\n\t\t\t<div class=\"elementor-widget-wrap elementor-element-populated\">\n\t\t\t\t\t\t<div class=\"elementor-element elementor-element-4701de8 elementor-widget elementor-widget-spacer\" data-id=\"4701de8\" data-element_type=\"widget\" data-e-type=\"widget\" data-widget_type=\"spacer.default\">\n\t\t\t\t<div class=\"elementor-widget-container\">\n\t\t\t\t\t\t\t<div class=\"elementor-spacer\">\n\t\t\t<div class=\"elementor-spacer-inner\"><\/div>\n\t\t<\/div>\n\t\t\t\t\t\t<\/div>\n\t\t\t\t<\/div>\n\t\t\t\t\t<\/div>\n\t\t<\/div>\n\t\t\t\t<div class=\"elementor-column elementor-col-50 elementor-top-column elementor-element elementor-element-f4a8140\" data-id=\"f4a8140\" data-element_type=\"column\" data-e-type=\"column\" data-settings=\"{&quot;background_background&quot;:&quot;classic&quot;}\">\n\t\t\t<div class=\"elementor-widget-wrap elementor-element-populated\">\n\t\t\t\t\t\t<div class=\"elementor-element elementor-element-fe82149 elementor-invisible elementor-widget elementor-widget-heading\" data-id=\"fe82149\" data-element_type=\"widget\" data-e-type=\"widget\" data-settings=\"{&quot;_animation&quot;:&quot;fadeInUp&quot;,&quot;_animation_delay&quot;:50}\" data-widget_type=\"heading.default\">\n\t\t\t\t<div class=\"elementor-widget-container\">\n\t\t\t\t\t<h2 class=\"elementor-heading-title elementor-size-default\">Qu'est-ce qu'une sage-femme ?<\/h2>\t\t\t\t<\/div>\n\t\t\t\t<\/div>\n\t\t\t\t<div class=\"elementor-element elementor-element-18f6d82 elementor-invisible elementor-widget elementor-widget-text-editor\" data-id=\"18f6d82\" data-element_type=\"widget\" data-e-type=\"widget\" data-settings=\"{&quot;_animation&quot;:&quot;fadeInUp&quot;,&quot;_animation_delay&quot;:100}\" data-widget_type=\"text-editor.default\">\n\t\t\t\t<div class=\"elementor-widget-container\">\n\t\t\t\t\t\t\t\t\t<p>Les sages-femmes sont des professionnels de la sant\u00e9 r\u00e9glement\u00e9s qui fournissent des soins primaires financ\u00e9s par le gouvernement aux femmes enceintes et \u00e0 leurs nouveau-n\u00e9s. Pendant la grossesse, le travail, l&rsquo;accouchement et les six premi\u00e8res semaines apr\u00e8s la naissance, vous serez prise en charge par un petit groupe de sages-femmes. Cette continuit\u00e9 des soins signifie qu&rsquo;il est probable que vous connaissiez la sage-femme qui accouche votre b\u00e9b\u00e9.<\/p>\n<p>Les sages-femmes \u00e9tant des sp\u00e9cialistes des grossesses et des accouchements \u00e0 faible risque, leurs clientes ne consulteront pas de m\u00e9decin, sauf en cas d&rsquo;inqui\u00e9tude ou de complications. En cas de complications, les sages-femmes peuvent consulter des m\u00e9decins ou, si n\u00e9cessaire, transf\u00e9rer les soins d&rsquo;une cliente \u00e0 un m\u00e9decin. Si les soins sont transf\u00e9r\u00e9s, les sages-femmes continuent \u00e0 soutenir leurs clientes et reprennent les soins primaires lorsque cela est possible.<\/p>\n\t\t\t\t\t\t\t\t<\/div>\n\t\t\t\t<\/div>\n\t\t\t\t\t<\/div>\n\t\t<\/div>\n\t\t\t\t\t<\/div>\n\t\t<\/section>\n\t\t\t\t<section class=\"elementor-section elementor-top-section elementor-element elementor-element-cf4668e elementor-section-boxed elementor-section-height-default elementor-section-height-default\" data-id=\"cf4668e\" data-element_type=\"section\" data-e-type=\"section\" data-settings=\"{&quot;background_background&quot;:&quot;classic&quot;}\">\n\t\t\t\t\t\t<div class=\"elementor-container elementor-column-gap-default\">\n\t\t\t\t\t<div class=\"elementor-column elementor-col-100 elementor-top-column elementor-element elementor-element-509e4a5\" data-id=\"509e4a5\" data-element_type=\"column\" data-e-type=\"column\">\n\t\t\t<div class=\"elementor-widget-wrap elementor-element-populated\">\n\t\t\t\t\t\t<div class=\"elementor-element elementor-element-53c78cd elementor-invisible elementor-widget elementor-widget-heading\" data-id=\"53c78cd\" data-element_type=\"widget\" data-e-type=\"widget\" data-settings=\"{&quot;_animation&quot;:&quot;fadeInUp&quot;,&quot;_animation_delay&quot;:100}\" data-widget_type=\"heading.default\">\n\t\t\t\t<div class=\"elementor-widget-container\">\n\t\t\t\t\t<h2 class=\"elementor-heading-title elementor-size-default\">Ce \u00e0 quoi vous pouvez vous attendre pendant les soins avec une sage-femme<\/h2>\t\t\t\t<\/div>\n\t\t\t\t<\/div>\n\t\t\t\t<div class=\"elementor-element elementor-element-ecbfb1e elementor-cta--layout-image-left elementor-cta--tablet-layout-image-above elementor-cta--skin-classic elementor-animated-content elementor-invisible elementor-widget elementor-widget-call-to-action\" data-id=\"ecbfb1e\" data-element_type=\"widget\" data-e-type=\"widget\" data-settings=\"{&quot;_animation&quot;:&quot;fadeInUp&quot;,&quot;_animation_delay&quot;:50}\" data-widget_type=\"call-to-action.default\">\n\t\t\t\t<div class=\"elementor-widget-container\">\n\t\t\t\t\t\t\t<div class=\"elementor-cta\">\n\t\t\t\t\t<div class=\"elementor-cta__bg-wrapper\">\n\t\t\t\t<div class=\"elementor-cta__bg elementor-bg\" style=\"background-image: url(https:\/\/borealmidwifery.ca\/wp-content\/uploads\/2022\/11\/82CC10E6EB894304B835132B35F9DDBA-682x1024.jpg);\" role=\"img\" aria-label=\"82CC10E6EB894304B835132B35F9DDBA\"><\/div>\n\t\t\t\t<div class=\"elementor-cta__bg-overlay\"><\/div>\n\t\t\t<\/div>\n\t\t\t\t\t\t\t<div class=\"elementor-cta__content\">\n\t\t\t\t\n\t\t\t\t\t\t\t\t\t<h3 class=\"elementor-cta__title elementor-cta__content-item elementor-content-item\">\n\t\t\t\t\t\tSoins pr\u00e9nataux\t\t\t\t\t<\/h3>\n\t\t\t\t\n\t\t\t\t\t\t\t\t\t<div class=\"elementor-cta__description elementor-cta__content-item elementor-content-item\">\n\t\t\t\t\t\t<p>Au cours de visites r\u00e9guli\u00e8res d'environ 45 minutes, votre sage-femme vous propose des \u00e9valuations physiques, une \u00e9ducation pr\u00e9natale, des discussions sur les choix \u00e9clair\u00e9s et une aide \u00e0 la d\u00e9cision pour le travail et l'accouchement. Les examens physiques comprennent la prise de la tension art\u00e9rielle des clients, l'analyse d'urine, la mesure de la croissance et l'\u00e9coute du rythme cardiaque du f\u0153tus. Si vous pr\u00e9voyez un accouchement \u00e0 domicile, une visite \u00e0 domicile vous sera propos\u00e9e \u00e0 l'adresse&nbsp; 36 semaines afin que la sage-femme puisse se familiariser avec votre environnement domestique. Les membres de votre famille et\/ou les personnes qui constituent votre syst\u00e8me de soutien, tel que vous le d\u00e9finissez, sont encourag\u00e9s \u00e0 assister aux rendez-vous et sont les bienvenus. Votre sage-femme est \u00e0 votre disposition 24 heures sur 24, 7 jours sur 7, et peut prescrire tous les examens de routine de la grossesse, y compris les \u00e9chographies, le d\u00e9pistage g\u00e9n\u00e9tique, les analyses de sang et autres tests de diagnostic.<\/p>\n\t\t\t\t\t<\/div>\n\t\t\t\t\n\t\t\t\t\t\t\t<\/div>\n\t\t\t\t\t\t<\/div>\n\t\t\t\t\t\t<\/div>\n\t\t\t\t<\/div>\n\t\t\t\t<div class=\"elementor-element elementor-element-563eb64 elementor-cta--layout-image-right elementor-cta--tablet-layout-image-above elementor-cta--skin-classic elementor-animated-content elementor-invisible elementor-widget elementor-widget-call-to-action\" data-id=\"563eb64\" data-element_type=\"widget\" data-e-type=\"widget\" data-settings=\"{&quot;_animation&quot;:&quot;fadeInUp&quot;,&quot;_animation_delay&quot;:50}\" data-widget_type=\"call-to-action.default\">\n\t\t\t\t<div class=\"elementor-widget-container\">\n\t\t\t\t\t\t\t<div class=\"elementor-cta\">\n\t\t\t\t\t<div class=\"elementor-cta__bg-wrapper\">\n\t\t\t\t<div class=\"elementor-cta__bg elementor-bg\" style=\"background-image: url(https:\/\/borealmidwifery.ca\/wp-content\/uploads\/2022\/11\/23755505_1724459474253624_2981938609803789990_n-e1669314619998.jpeg);\" role=\"img\" aria-label=\"23755505_1724459474253624_2981938609803789990_n\"><\/div>\n\t\t\t\t<div class=\"elementor-cta__bg-overlay\"><\/div>\n\t\t\t<\/div>\n\t\t\t\t\t\t\t<div class=\"elementor-cta__content\">\n\t\t\t\t\n\t\t\t\t\t\t\t\t\t<h3 class=\"elementor-cta__title elementor-cta__content-item elementor-content-item\">\n\t\t\t\t\t\tTravail et naissance\t\t\t\t\t<\/h3>\n\t\t\t\t\n\t\t\t\t\t\t\t\t\t<div class=\"elementor-cta__description elementor-cta__content-item elementor-content-item\">\n\t\t\t\t\t\t<p>Choisir une sage-femme pour vous soigner signifie qu'au moment de l'accouchement, vous et votre b\u00e9b\u00e9 serez pris en charge par une personne que vous avez d\u00e9j\u00e0 rencontr\u00e9e, qui vous conna\u00eet et qui comprend ce qui est important pour vous.<\/p>\n<p>En tant qu'expertes en mati\u00e8re de naissance saine et \u00e0 faible risque, les sages-femmes consid\u00e8rent l'accouchement d'un point de vue physiologique, c'est-\u00e0-dire comme quelque chose que votre corps peut g\u00e9rer. Bien s\u00fbr, chaque naissance est unique et les sages-femmes sont form\u00e9es pour \u00eatre pr\u00e9par\u00e9es \u00e0 toute une s\u00e9rie de probl\u00e8mes qui peuvent survenir. Les sages-femmes surveillent \u00e9troitement les parents et le b\u00e9b\u00e9 pendant le travail et l'accouchement et sont parfaitement form\u00e9es pour faire face aux \u00e9v\u00e9nements impr\u00e9vus.<\/p>\n<p>Le lieu et la mani\u00e8re dont vous choisissez d'accoucher sont des d\u00e9cisions que vous prendrez en concertation avec votre sage-femme. Par exemple, vous pouvez choisir de :<\/p>\n<p>- accoucher \u00e0 domicile, \u00e0 l'h\u00f4pital ou dans notre clinique<br \/>\n<br \/>\n- travailler dans l'eau et\/ou avoir un [water birth](<a href=\"https:\/\/www.ontariomidwives.ca\/water-birth\" rel=\"nofollow\">https:\/\/www.ontariomidwives.ca\/water-birth<\/a>)<br \/>\n<br \/>\n- avoir une p\u00e9ridurale, ou d'autres formes de soulagement de la douleur<\/p>\n<p>Il est tr\u00e8s important que vous puissiez vous exprimer et choisir o\u00f9 et comment vous accouchez.<\/p>\n\t\t\t\t\t<\/div>\n\t\t\t\t\n\t\t\t\t\t\t\t\t\t<div class=\"elementor-cta__button-wrapper elementor-cta__content-item elementor-content-item \">\n\t\t\t\t\t<a class=\"elementor-cta__button elementor-button elementor-size-md\" href=\"https:\/\/www.ontariomidwives.ca\/understand-your-options\">\n\t\t\t\t\t\tEn savoir plus sur les options de votre lieu de naissance\t\t\t\t\t<\/a>\n\t\t\t\t\t<\/div>\n\t\t\t\t\t\t\t<\/div>\n\t\t\t\t\t\t<\/div>\n\t\t\t\t\t\t<\/div>\n\t\t\t\t<\/div>\n\t\t\t\t<div class=\"elementor-element elementor-element-740c1c5 elementor-cta--layout-image-left elementor-cta--tablet-layout-image-above elementor-cta--skin-classic elementor-animated-content elementor-invisible elementor-widget elementor-widget-call-to-action\" data-id=\"740c1c5\" data-element_type=\"widget\" data-e-type=\"widget\" data-settings=\"{&quot;_animation&quot;:&quot;fadeInUp&quot;,&quot;_animation_delay&quot;:50}\" data-widget_type=\"call-to-action.default\">\n\t\t\t\t<div class=\"elementor-widget-container\">\n\t\t\t\t\t\t\t<div class=\"elementor-cta\">\n\t\t\t\t\t<div class=\"elementor-cta__bg-wrapper\">\n\t\t\t\t<div class=\"elementor-cta__bg elementor-bg\" style=\"background-image: url(https:\/\/borealmidwifery.ca\/wp-content\/uploads\/2022\/11\/A7751ACE666C49BAB437FE7495E2BBF6-e1676069221543-682x1024.jpg);\" role=\"img\" aria-label=\"A7751ACE666C49BAB437FE7495E2BBF6\"><\/div>\n\t\t\t\t<div class=\"elementor-cta__bg-overlay\"><\/div>\n\t\t\t<\/div>\n\t\t\t\t\t\t\t<div class=\"elementor-cta__content\">\n\t\t\t\t\n\t\t\t\t\t\t\t\t\t<h3 class=\"elementor-cta__title elementor-cta__content-item elementor-content-item\">\n\t\t\t\t\t\tSoins post-partum\t\t\t\t\t<\/h3>\n\t\t\t\t\n\t\t\t\t\t\t\t\t\t<div class=\"elementor-cta__description elementor-cta__content-item elementor-content-item\">\n\t\t\t\t\t\t<p>Pendant la p\u00e9riode post-partum, votre sage-femme vous conseillera sur la mani\u00e8re de prendre soin de votre b\u00e9b\u00e9 et de vous-m\u00eame pendant cette p\u00e9riode sp\u00e9ciale de votre vie.<\/p>\n<p>Quel que soit le lieu de l'accouchement, votre sage-femme vous fournira des soins \u00e0 votre domicile dans les 24 \u00e0 48 heures suivant l'accouchement ou la sortie de l'h\u00f4pital. Vous aurez environ six rendez-vous avec une sage-femme au cours des six semaines suivant l'accouchement, dont plusieurs au cours de la premi\u00e8re semaine. Les sages-femmes surveillent votre sant\u00e9 et celle de votre b\u00e9b\u00e9 et vous aident \u00e0 vous alimenter. Ils s'assureront que vous vous r\u00e9tablissez bien, tant sur le plan physique qu'\u00e9motionnel.<\/p>\n<p>En prenant soin de votre b\u00e9b\u00e9, les sages-femmes effectueront un d\u00e9pistage des troubles m\u00e9taboliques chez le nouveau-n\u00e9 ainsi que des examens physiques, notamment pour v\u00e9rifier le poids, la longueur, le c\u0153ur, les poumons et la cicatrisation du cordon ombilical.<\/p>\n<p>Au bout de six semaines, vous et votre b\u00e9b\u00e9 quitterez les soins de sage-femme et consulterez un m\u00e9decin de famille ou une infirmi\u00e8re praticienne si vous en avez une. Avant de quitter la profession, votre sage-femme discutera de vos projets de contr\u00f4le des naissances, vous apportera un soutien suppl\u00e9mentaire en mati\u00e8re d'alimentation et vous orientera vers les services dont vous avez besoin pour r\u00e9pondre \u00e0 vos besoins en mati\u00e8re de sant\u00e9 mentale.<\/p>\n\t\t\t\t\t<\/div>\n\t\t\t\t\n\t\t\t\t\t\t\t<\/div>\n\t\t\t\t\t\t<\/div>\n\t\t\t\t\t\t<\/div>\n\t\t\t\t<\/div>\n\t\t\t\t<div class=\"elementor-element elementor-element-e03fe57 elementor-cta--layout-image-left elementor-cta--tablet-layout-image-above elementor-cta--skin-classic elementor-animated-content elementor-invisible elementor-widget elementor-widget-call-to-action\" data-id=\"e03fe57\" data-element_type=\"widget\" data-e-type=\"widget\" data-settings=\"{&quot;_animation&quot;:&quot;fadeInUp&quot;,&quot;_animation_delay&quot;:50}\" data-widget_type=\"call-to-action.default\">\n\t\t\t\t<div class=\"elementor-widget-container\">\n\t\t\t\t\t\t\t<div class=\"elementor-cta\">\n\t\t\t\t\t<div class=\"elementor-cta__bg-wrapper\">\n\t\t\t\t<div class=\"elementor-cta__bg elementor-bg\" style=\"background-image: url(https:\/\/borealmidwifery.ca\/wp-content\/uploads\/2022\/11\/23915531_1724459214253650_5232212398222689501_n-e1672424020764.jpeg);\" role=\"img\" aria-label=\"23915531_1724459214253650_5232212398222689501_n\"><\/div>\n\t\t\t\t<div class=\"elementor-cta__bg-overlay\"><\/div>\n\t\t\t<\/div>\n\t\t\t\t\t\t\t<div class=\"elementor-cta__content\">\n\t\t\t\t\n\t\t\t\t\t\t\t\t\t<h3 class=\"elementor-cta__title elementor-cta__content-item elementor-content-item\">\n\t\t\t\t\t\tCo\u00fbt\t\t\t\t\t<\/h3>\n\t\t\t\t\n\t\t\t\t\t\t\t\t\t<div class=\"elementor-cta__description elementor-cta__content-item elementor-content-item\">\n\t\t\t\t\t\t<p>Les sages-femmes font partie du syst\u00e8me de soins de sant\u00e9 de l'Ontario et leurs services sont enti\u00e8rement financ\u00e9s par le minist\u00e8re de la Sant\u00e9. Certains r\u00e9sidents de l'Ontario qui ne sont pas actuellement couverts par l'OHIP peuvent tout de m\u00eame recevoir des soins de sage-femme sans frais.<\/p>\n\t\t\t\t\t<\/div>\n\t\t\t\t\n\t\t\t\t\t\t\t<\/div>\n\t\t\t\t\t\t<\/div>\n\t\t\t\t\t\t<\/div>\n\t\t\t\t<\/div>\n\t\t\t\t\t<\/div>\n\t\t<\/div>\n\t\t\t\t\t<\/div>\n\t\t<\/section>\n\t\t\t\t<section class=\"elementor-section elementor-top-section elementor-element elementor-element-da8c1e9 elementor-section-full_width elementor-section-height-min-height elementor-section-items-stretch elementor-section-content-middle elementor-section-height-default\" data-id=\"da8c1e9\" data-element_type=\"section\" data-e-type=\"section\" data-settings=\"{&quot;shape_divider_top&quot;:&quot;triangle-asymmetrical&quot;,&quot;shape_divider_bottom&quot;:&quot;triangle-asymmetrical&quot;}\">\n\t\t\t\t\t<div class=\"elementor-shape elementor-shape-top\" aria-hidden=\"true\" data-negative=\"false\">\n\t\t\t<svg xmlns=\"http:\/\/www.w3.org\/2000\/svg\" viewBox=\"0 0 1000 100\" preserveAspectRatio=\"none\">\n\t<path class=\"elementor-shape-fill\" d=\"M738,99l262-93V0H0v5.6L738,99z\"\/>\n<\/svg>\t\t<\/div>\n\t\t\t\t<div class=\"elementor-shape elementor-shape-bottom\" aria-hidden=\"true\" data-negative=\"false\">\n\t\t\t<svg xmlns=\"http:\/\/www.w3.org\/2000\/svg\" viewBox=\"0 0 1000 100\" preserveAspectRatio=\"none\">\n\t<path class=\"elementor-shape-fill\" d=\"M738,99l262-93V0H0v5.6L738,99z\"\/>\n<\/svg>\t\t<\/div>\n\t\t\t\t\t<div class=\"elementor-container elementor-column-gap-no\">\n\t\t\t\t\t<div class=\"elementor-column elementor-col-100 elementor-top-column elementor-element elementor-element-6420e6d\" data-id=\"6420e6d\" data-element_type=\"column\" data-e-type=\"column\" data-settings=\"{&quot;background_background&quot;:&quot;classic&quot;}\">\n\t\t\t<div class=\"elementor-widget-wrap elementor-element-populated\">\n\t\t\t\t\t\t<div class=\"elementor-element elementor-element-bd3b060 elementor-widget elementor-widget-spacer\" data-id=\"bd3b060\" data-element_type=\"widget\" data-e-type=\"widget\" data-widget_type=\"spacer.default\">\n\t\t\t\t<div class=\"elementor-widget-container\">\n\t\t\t\t\t\t\t<div class=\"elementor-spacer\">\n\t\t\t<div class=\"elementor-spacer-inner\"><\/div>\n\t\t<\/div>\n\t\t\t\t\t\t<\/div>\n\t\t\t\t<\/div>\n\t\t\t\t\t<\/div>\n\t\t<\/div>\n\t\t\t\t\t<\/div>\n\t\t<\/section>\n\t\t\t\t<\/div>\n\t\t","protected":false},"excerpt":{"rendered":"<p>d\u00e9couvrez ce que nous offrons Nos services Nous pouvons offrir des services en fran\u00e7ais. Qu&rsquo;y a-t-il de plus beau que d&rsquo;apporter une nouvelle vie au monde ? Qu&rsquo;est-ce qu&rsquo;une sage-femme ? Les sages-femmes sont des professionnels de la sant\u00e9 r\u00e9glement\u00e9s qui fournissent des soins primaires financ\u00e9s par le gouvernement aux femmes enceintes et \u00e0 leurs [&hellip;]<\/p>\n","protected":false},"author":226853148,"featured_media":1292,"parent":0,"menu_order":0,"comment_status":"closed","ping_status":"closed","template":"elementor_header_footer","meta":{"advanced_seo_description":"","jetpack_seo_html_title":"","jetpack_seo_noindex":false,"footnotes":""},"class_list":["post-1343","page","type-page","status-publish","has-post-thumbnail","hentry"],"jetpack_likes_enabled":false,"jetpack_sharing_enabled":true,"jetpack_shortlink":"https:\/\/wp.me\/PeiqrN-lF","jetpack-related-posts":[],"_links":{"self":[{"href":"https:\/\/borealmidwifery.ca\/fr\/wp-json\/wp\/v2\/pages\/1343","targetHints":{"allow":["GET"]}}],"collection":[{"href":"https:\/\/borealmidwifery.ca\/fr\/wp-json\/wp\/v2\/pages"}],"about":[{"href":"https:\/\/borealmidwifery.ca\/fr\/wp-json\/wp\/v2\/types\/page"}],"author":[{"embeddable":true,"href":"https:\/\/borealmidwifery.ca\/fr\/wp-json\/wp\/v2\/users\/226853148"}],"replies":[{"embeddable":true,"href":"https:\/\/borealmidwifery.ca\/fr\/wp-json\/wp\/v2\/comments?post=1343"}],"version-history":[{"count":1,"href":"https:\/\/borealmidwifery.ca\/fr\/wp-json\/wp\/v2\/pages\/1343\/revisions"}],"predecessor-version":[{"id":1344,"href":"https:\/\/borealmidwifery.ca\/fr\/wp-json\/wp\/v2\/pages\/1343\/revisions\/1344"}],"wp:featuredmedia":[{"embeddable":true,"href":"https:\/\/borealmidwifery.ca\/fr\/wp-json\/wp\/v2\/media\/1292"}],"wp:attachment":[{"href":"https:\/\/borealmidwifery.ca\/fr\/wp-json\/wp\/v2\/media?parent=1343"}],"curies":[{"name":"wp","href":"https:\/\/api.w.org\/{rel}","templated":true}]}}